{"id":8279,"date":"2025-09-11T11:46:11","date_gmt":"2025-09-11T09:46:11","guid":{"rendered":"https:\/\/restaurant-chezcuisto.de\/?page_id=8279"},"modified":"2026-01-03T20:45:41","modified_gmt":"2026-01-03T19:45:41","slug":"reservierung","status":"publish","type":"page","link":"https:\/\/restaurant-chezcuisto.de\/de\/reservierung\/","title":{"rendered":"Reservation"},"content":{"rendered":"<div data-elementor-type=\"wp-page\" data-elementor-id=\"8279\" class=\"elementor elementor-8279\" data-elementor-post-type=\"page\">\n\t\t\t\t<div class=\"elementor-element elementor-element-7e217218 e-flex e-con-boxed e-con e-parent\" data-id=\"7e217218\" data-element_type=\"container\">\n\t\t\t\t\t<div class=\"e-con-inner\">\n\t\t<div class=\"elementor-element elementor-element-5873d2f8 e-con-full e-flex e-con e-child\" data-id=\"5873d2f8\" data-element_type=\"container\" data-settings=\"{&quot;background_background&quot;:&quot;classic&quot;}\">\n\t\t\t\t<div class=\"elementor-element elementor-element-3cc8c7c6 elementor-widget elementor-widget-heading\" data-id=\"3cc8c7c6\" data-element_type=\"widget\" data-widget_type=\"heading.default\">\n\t\t\t\t<div class=\"elementor-widget-container\">\n\t\t\t\t\t<h2 class=\"elementor-heading-title elementor-size-default\">Restaurant Chez Cuisto<\/h2>\t\t\t\t<\/div>\n\t\t\t\t<\/div>\n\t\t\t\t<div class=\"elementor-element elementor-element-793c47a elementor-icon-list--layout-traditional elementor-list-item-link-full_width elementor-widget elementor-widget-icon-list\" data-id=\"793c47a\" data-element_type=\"widget\" data-widget_type=\"icon-list.default\">\n\t\t\t\t<div class=\"elementor-widget-container\">\n\t\t\t\t\t\t\t<ul class=\"elementor-icon-list-items\">\n\t\t\t\t\t\t\t<li class=\"elementor-icon-list-item\">\n\t\t\t\t\t\t\t\t\t\t\t<span class=\"elementor-icon-list-icon\">\n\t\t\t\t\t\t\t<i aria-hidden=\"true\" class=\"fas fa-location-arrow\"><\/i>\t\t\t\t\t\t<\/span>\n\t\t\t\t\t\t\t\t\t\t<span class=\"elementor-icon-list-text\">Stammheimer Stra\u00dfe 70, 70806 Kornwestheim<\/span>\n\t\t\t\t\t\t\t\t\t<\/li>\n\t\t\t\t\t\t<\/ul>\n\t\t\t\t\t\t<\/div>\n\t\t\t\t<\/div>\n\t\t\t\t<div class=\"elementor-element elementor-element-4186b708 elementor-widget elementor-widget-text-editor\" data-id=\"4186b708\" data-element_type=\"widget\" data-widget_type=\"text-editor.default\">\n\t\t\t\t<div class=\"elementor-widget-container\">\n\t\t\t\t\t\t\t\t\t<div class=\"fcal_author\">Reservieren Sie Ihren Tisch f\u00fcr ein unvergessliches kulinarisches Erlebnis.<\/div><div class=\"fcal_slot_description\"><p data-start=\"128\" data-end=\"497\">Bitte beachten Sie, dass Reservierungen, bei denen die G\u00e4ste nicht innerhalb von 15 Minuten nach der vereinbarten Zeit erscheinen und keine Mitteilung erfolgt, als nicht wahrgenommen betrachtet werden. Wir bitten Sie daher h\u00f6flich, uns rechtzeitig \u00fcber \u00c4nderungen Ihrer Pl\u00e4ne zu informieren.<\/p><p data-start=\"499\" data-end=\"686\">Stornierungen k\u00f6nnen telefonisch oder per E-Mail vorgenommen werden und bed\u00fcrfen unserer Best\u00e4tigung.<\/p><p data-start=\"499\" data-end=\"686\">**\u00a0<span style=\"text-decoration: underline;\"><em><strong>Wir bitten um Verst\u00e4ndnis, dass unsere K\u00fcche jeweils eine Stunde vor Betriebsschluss schlie\u00dft.<\/strong><\/em><\/span><br \/><span style=\"text-decoration: underline;\"><em><strong>Danach servieren wir Ihnen gerne noch Getr\u00e4nke und Desserts.<\/strong><\/em><\/span><\/p><\/div>\t\t\t\t\t\t\t\t<\/div>\n\t\t\t\t<\/div>\n\t\t\t\t<div class=\"elementor-element elementor-element-6f28ce02 elementor-widget elementor-widget-text-editor\" data-id=\"6f28ce02\" data-element_type=\"widget\" data-widget_type=\"text-editor.default\">\n\t\t\t\t<div class=\"elementor-widget-container\">\n\t\t\t\t\t\t\t\t\t<div class=\"fcal_author\"><p style=\"font-weight: 400;\"><span style=\"font-style: inherit; font-weight: inherit;\">\u00d6ffnungszeiten:<\/span><\/p><p style=\"font-weight: 400;\">Mo. und Di. : Ruhetag<\/p><p style=\"font-weight: 400;\">Mi. - Do. : 16:30 Uhr - 22:00 Uhr<\/p><p style=\"font-weight: 400;\">Fr. - Sa. : 16:30 Uhr - 23:00 Uhr<\/p><p style=\"font-weight: 400;\">So.: 12:00 Uhr - 22:00 Uhr<\/p><\/div>\t\t\t\t\t\t\t\t<\/div>\n\t\t\t\t<\/div>\n\t\t\t\t<\/div>\n\t\t<div class=\"elementor-element elementor-element-1a20fec4 e-con-full e-flex e-con e-child\" data-id=\"1a20fec4\" data-element_type=\"container\" data-settings=\"{&quot;background_background&quot;:&quot;classic&quot;}\">\n\t\t\t\t<div class=\"elementor-element elementor-element-6f9fa1ca elementor-widget elementor-widget-shortcode\" data-id=\"6f9fa1ca\" data-element_type=\"widget\" data-widget_type=\"shortcode.default\">\n\t\t\t\t<div class=\"elementor-widget-container\">\n\t\t\t\t\t\t\t<div class=\"elementor-shortcode\">        <div class=\"reservation_section\">\n                <div class='wpc-reservation-form'>\r\n        <form method='post' class='wpc_reservation_form wpc_reservation_cancel_form' action='' data-trp-original-action=\"\">\r\n            <input type='hidden' name='wpc_action' value='wpc_cancellation' \/>\r\n                    <div class='wpc-row'>\r\n                        <div class='wpc-col-md-6'>\r\n                            <div class='wpc-reservation-field invoice'>\r\n                                <label for='wpc-invoice'>Rechnungsnummer <small class='wpc_required'>*<\/small><\/label>\r\n                                <input type='text' name='wpc_reservation_invoice' class='wpc-invoice wpc-form-control' id='wpc-invoice' value='' required aria-required='true'>\r\n                                <div class=\"wpc-invoice wpc_danger_text\"><\/div>\r\n                            <\/div>\r\n                        <\/div>\r\n                        <div class='wpc-col-md-6'>\r\n                            <div class='wpc-reservation-field email'>\r\n                                <label for='wpc-email'>E-Mail   <small class='wpc_required'>*<\/small><\/label>\r\n                                <input type='email' name='wpc_cancell_email' class='wpc_cancell_email wpc-form-control' id='wpc-cancell-email' value='' required aria-required='true'>\r\n                                <div class=\"wpc-cancell-email wpc_danger_text\"><\/div>\r\n                            <\/div>\r\n                        <\/div>\r\n                    <\/div>\r\n                    <div class='wpc-reservation-field phone'>\r\n                        <label for='wpc-phone'>Telefon<\/label>\r\n                        <input type='tel' name='wpc_cancell_phone' class='wpc_cancell_phone wpc-form-control' id='wpc-cancell-phone' value=''>\r\n                    <\/div>\r\n                    <div class='wpc-reservation-field area message'>\r\n                        <label for='wpc-message'>Nachricht <\/label>\r\n                        <textarea name='wpc_message' class='wpc_cancell_message wpc-form-control' id='wpc-cancell-message'><\/textarea>\r\n                    <\/div>\r\n                <button type='submit' class='cancell_form_submit wpc-btn'>Antrag auf Stornierung<\/button>\r\n                <span id='wpc_book_table'>Best\u00e4tigen Sie die Buchung<\/span>\r\n        <input type=\"hidden\" name=\"trp-form-language\" value=\"de\"\/><\/form>\r\n    <\/div>\r\n<!-- Form markup -->\n<div class=\"wpc-reservation-pro-wrap wpc-food-tab-wrapper\">\n\t\t\t<ul class=\"wpc-nav\">\n\t\t\t<li>\n\t\t\t\t<a href='#' class='wpc-tab-a wpc-active' data-id='wpc-tab-1'>\n\t\t\t\t\t<span>Einen Tisch reservieren<\/span>\n\t\t\t\t<\/a>\n\t\t\t<\/li>\n\t\t\t\t\t<\/ul>\n\t\n\t<div class=\"wpc-tab-content wpc-widget-wrapper reservation_section\">\n\t\t<div class='wpc-tab tab-active' data-id='wpc-tab-1' id=\"wpc-multi-step-reservation\">\n\t\t\t<h3 class=\"reservation-title\">Eine Reservierung vornehmen<\/h3>\n\t<ul class=\"wpc-reservation-pagination\">\n\t<li class=\"active\">Buchen<\/li>\n\t<li>Gib deine Details an<\/li>\n\t<li>Konfirmation<\/li>\n<\/ul>\t\t\t<div class='wpc-reservation-form hide-cancel-text' \n\t\t\t\tdata-reservation_status='{\"capacity\":100,\"max_capacity\":20,\"status\":\"open\"}'>\n\t\t\t\t<div class='late_booking' data-late_booking=\"Unsere letzte Buchungszeit ist {last_time}. Du kannst buchen bis zu {last_min} minuten vor Ladenschluss.\"><\/div>\n\t\t\t\t<div class='wpc_error_message' data-time_compare=\"Die Endzeit der Buchung muss nach der Startzeit liegen\"><\/div>\n\t\t\t\t<div class='wpc_success_message wpc-multi-reservation-msg' data-start=\"Startzeit\" data-end=\"Endzeit\"\n\t\t\t\tdata-schedule=\"Zeitplan\" data-late_booking = \"\"><\/div>\n\t\t\t\t<div class='wpc_calender_view' data-view=\"no\"><\/div>\n\t\t\t\t<div class='date_missing' data-date_missing=\"Bitte w\u00e4hle zuerst ein Datum aus\"><\/div>\n\t\t\t\t<div class='form_style' data-form_style=\"pro-1\"  data-form_type=\"pro\"><\/div>\n\n\t\t\t\t<form method='post' class='wpc_reservation_table' action=\"\">\n\t\t\t\t\t\t<input type='hidden' name='wpc_action' value='wpc_reservation' \/>\n\t\t\t\t\t\t<div class=\"wpc_reservation_form\">\n\t\t\t\t\t\t\t<!-- fieldset -->\n\t\t\t\t\t\t\t<div class=\"wpc-field-set step-one\">\n\t\t\t\t\t\t\t\t<!-- branch list -->\n\t\t\t\t\t\t\t\t<!-- date -->\n<div class='wpc-reservation-field'>\n    <label for='wpc_booking_date'>W\u00e4hle dein Reservierungsdatum<small class='wpc_required'>*<\/small><\/label>\n    <input type='text' placeholder='Buchungsdatum hier' name='wpc_booking_date' class='wpc-form-control wpc-validate' id='wpc_booking_date' value='' required aria-required='true' \/>\n    <i class=\"wpcafe-icon1 reserv-date-icon\"><\/i>\n    <span class=\"wpc-validate-msg\"><\/span>\n<\/div>\n<!-- time -->\n<span class=\"wpc-validate-msg1\"><\/span>\n\n<div class=\"wpc-reservation-time-wrap\">\n    <div class='wpc-row'>\n        <div class='wpc-col-md-12'>\n                            <div class='wpc-reservation-field time'>\n                    <label for='wpc_from_time'>Seit wann?                                                    <small class='wpc_required'>*<\/small>\n                         \n                    <\/label>\n                    <input type='text' name='wpc_from_time' placeholder='Startzeit hier' class='wpc-form-control wpc-validate' id='wpc_from_time' value='' required aria-required=\"true\"  >\n                    <span class=\"dashicons dashicons-clock\"><\/span>\n\n                <\/div>\n                    <\/div>\n            <\/div>\n<\/div>\n<!-- Quantity -->\n<div class='wpc-select party wpc-reservation-field'>\n    <label for='wpc-party'>Wie viele Leute kommen?<small class='wpc_required'>*<\/small><\/label>\n    <select name='wpc_guest_count' id='wpc-party' class='wpc-form-control' required aria-required='true'>\n        <option value=\"\">Anzahl der G\u00e4ste ausw\u00e4hlen<\/option>\n                    <option value='1' selected>1<\/option>\n                    <option value='2' >2<\/option>\n                    <option value='3' >3<\/option>\n                    <option value='4' >4<\/option>\n                    <option value='5' >5<\/option>\n                    <option value='6' >6<\/option>\n                    <option value='7' >7<\/option>\n                    <option value='8' >8<\/option>\n                    <option value='9' >9<\/option>\n                    <option value='10' >10<\/option>\n                    <option value='11' >11<\/option>\n                    <option value='12' >12<\/option>\n                    <option value='13' >13<\/option>\n                    <option value='14' >14<\/option>\n                    <option value='15' >15<\/option>\n                    <option value='16' >16<\/option>\n                    <option value='17' >17<\/option>\n                    <option value='18' >18<\/option>\n                    <option value='19' >19<\/option>\n                    <option value='20' >20<\/option>\n                    <option value='21' >21<\/option>\n                    <option value='22' >22<\/option>\n                    <option value='23' >23<\/option>\n                    <option value='24' >24<\/option>\n                    <option value='25' >25<\/option>\n                    <option value='26' >26<\/option>\n                    <option value='27' >27<\/option>\n                    <option value='28' >28<\/option>\n                    <option value='29' >29<\/option>\n                    <option value='30' >30<\/option>\n                    <option value='31' >31<\/option>\n                    <option value='32' >32<\/option>\n                    <option value='33' >33<\/option>\n                    <option value='34' >34<\/option>\n                    <option value='35' >35<\/option>\n                    <option value='36' >36<\/option>\n                    <option value='37' >37<\/option>\n                    <option value='38' >38<\/option>\n                    <option value='39' >39<\/option>\n                    <option value='40' >40<\/option>\n                    <option value='41' >41<\/option>\n                    <option value='42' >42<\/option>\n                    <option value='43' >43<\/option>\n                    <option value='44' >44<\/option>\n                    <option value='45' >45<\/option>\n                    <option value='46' >46<\/option>\n                    <option value='47' >47<\/option>\n                    <option value='48' >48<\/option>\n                    <option value='49' >49<\/option>\n                    <option value='50' >50<\/option>\n                    <option value='51' >51<\/option>\n                    <option value='52' >52<\/option>\n                    <option value='53' >53<\/option>\n                    <option value='54' >54<\/option>\n                    <option value='55' >55<\/option>\n                    <option value='56' >56<\/option>\n                    <option value='57' >57<\/option>\n                    <option value='58' >58<\/option>\n                    <option value='59' >59<\/option>\n                    <option value='60' >60<\/option>\n                    <option value='61' >61<\/option>\n                    <option value='62' >62<\/option>\n                    <option value='63' >63<\/option>\n                    <option value='64' >64<\/option>\n                    <option value='65' >65<\/option>\n                    <option value='66' >66<\/option>\n                    <option value='67' >67<\/option>\n                    <option value='68' >68<\/option>\n                    <option value='69' >69<\/option>\n                    <option value='70' >70<\/option>\n                    <option value='71' >71<\/option>\n                    <option value='72' >72<\/option>\n                    <option value='73' >73<\/option>\n                    <option value='74' >74<\/option>\n                    <option value='75' >75<\/option>\n                    <option value='76' >76<\/option>\n                    <option value='77' >77<\/option>\n                    <option value='78' >78<\/option>\n                    <option value='79' >79<\/option>\n                    <option value='80' >80<\/option>\n                    <option value='81' >81<\/option>\n                    <option value='82' >82<\/option>\n                    <option value='83' >83<\/option>\n                    <option value='84' >84<\/option>\n                    <option value='85' >85<\/option>\n                    <option value='86' >86<\/option>\n                    <option value='87' >87<\/option>\n                    <option value='88' >88<\/option>\n                    <option value='89' >89<\/option>\n                    <option value='90' >90<\/option>\n                    <option value='91' >91<\/option>\n                    <option value='92' >92<\/option>\n                    <option value='93' >93<\/option>\n                    <option value='94' >94<\/option>\n                    <option value='95' >95<\/option>\n                    <option value='96' >96<\/option>\n                    <option value='97' >97<\/option>\n                    <option value='98' >98<\/option>\n                    <option value='99' >99<\/option>\n                    <option value='100' >100<\/option>\n            <\/select>\n<\/div>\n\t\t\t\t\t\t\t\t<input type=\"button\" name=\"next\" class=\"wpc-form-next action-button wpc-btn\" value=\"N\u00e4chste\" \/>\n\t\t\t\t\t\t\t\t\t\t\t\t\t\t\t<\/div>\n\t\t\t\t\t\t\t<!-- field set -->\n\t\t\t\t\t\t\t<div class=\"wpc-field-set step-two\">\n\t\t\t\t\t\t\t\t\n<div class='wpc-reservation-field name'>\n    <label for='wpc-name'>Gib deinen vollen Namen ein<small class='wpc_required'>*<\/small><\/label>\n    <input type='text' name='wpc_name' placeholder='Name hier' id='wpc-name' class='wpc-form-control' value='' required aria-required='true'>\n    <div class=\"wpc-name wpc_danger_text\"><\/div>\n<\/div>\n\n<!-- Contact info -->\n<div class=\"wpc-row\">\n    <div class='wpc-col-md-6'>\n    <div class='wpc-reservation-field phone'>\n            <label for='wpc-phone'>Wie k\u00f6nnen wir dich kontaktieren?<small class='wpc_required'>*<\/small>            <\/label>\n            <input type='tel' placeholder='Telefonnummer hier' required name='wpc_phone' class='wpc-form-control' id='wpc-phone' value=''>\n            <div class=\"wpc-phone wpc_danger_text\"><\/div>\n        <\/div>\n    <\/div>\n    <div class='wpc-col-md-6'>\n        <div class='wpc-reservation-field email'>\n            <label for='wpc-email'>Deine E-Mail eingeben<small class='wpc_required'>*<\/small><\/label>\n            <input type='email' name='wpc_email' placeholder='E-Mail hier' class='wpc-form-control' id='wpc-email' value='' required aria-required='true'>\n            <div class=\"wpc-email wpc_danger_text\"><\/div>\n        <\/div>\n    <\/div>\n<\/div>\n<!-- message -->\n<div class='wpc-reservation-fieldarea message wpc-reservation-field'>\n    <label for='wpc-message'>Zus\u00e4tzliche Informationen<\/label>\n    <textarea name='wpc_message' placeholder='Gib deine Nachricht hier ein' id='wpc-message' class='wpc-form-control'><\/textarea>\n<\/div>\n\t\t<div class='wpc-row wpc-none'>\n\t\t\t<div class='wpc-col-md-12'>\n\t\t\t\t<div class='wpc-reservation-field'>\n\t\t\t\t\t<label class='width_100' id=\"wpc_reser_extra_0_label\"><\/label>\n\t\t\t\t\t<div class=\"wpc-reser-extra-options\" id=\"wpc_reser_extra_0\" >\n\t\t\t\t\t\t\t\t\t\t\t\t\t<input type='text' name='reserv_extra[]' data-row_id=\"0\" optional id='input_reserv_extra_0' class='wpc-form-control wpc-input-field-value' value='' placeholder=''\/>\n\t\t\t\t\t\t\t\t\t\t\t\t<\/div>\n\t\t\t\t<\/div>\n\t\t\t<\/div>\n\t\t<\/div>\n\t\t\t\t\t\t\t\t\t\t<div class='wpc-reservation-field wpc-webhook'>\n\t\t\t\t\t\t\t\t\t<input type='hidden' placeholder='Webhook url' name='wpc_webhook' class='wpc-form-control wpc_webhook' id='wpc-webhook' value=''>\n\t\t\t\t\t\t\t\t<\/div>\n\n\t\t\t\t\t\t\t\t<input type=\"button\" name=\"previous\" class=\"wpc-form-previous action-button wpc-btn\" value=\"Vorherige\" \/>\n\n\t\t\t\t\t\t\t\t<input type='hidden' value='reservation_form_first_step' class='reservation_form_first_step' \/>\n\t\t\t\t\t\t\t\t<button type='button' class='reservation_form_submit wpc-btn wpc-form-next'>N\u00e4chste<\/button>\n\t\t\t\t\t\t\t<\/div>\n\t\t\t\t\t\t\t<!-- field set -->\n\t\t\t\t\t\t\t<div class=\"wpc-field-set\">\n\t\t\t\t\t\t\t\t<div class=\"wpc-reservation-form wpc_reservation_info\">\n\t\t\t\t\t\t\t\t\t<!-- Reservation details -->\n\t\t\t\t\t\t\t\t\t<!-- Reservation booking detials -->\r\n<ul>\r\n    <li id=\"wpc_check_name\"> \r\n        <strong class='wpc-user-field-info'>Name:<\/strong>\r\n        <span class='wpc_check_name'><\/span>\r\n    <\/li>\r\n    <li id=\"wpc_check_email\"> \r\n        <strong class='wpc-user-field-info'>E-Mail:<\/strong>\r\n        <span class='wpc_check_email'><\/span>\r\n    <\/li>\r\n    <li id=\"wpc_check_phone\"> \r\n        <strong class='wpc-user-field-info'>Telefon:<\/strong>\r\n        <span class='wpc_check_phone'><\/span>\r\n    <\/li>\r\n    <li id=\"wpc_check_guest\"> \r\n        <strong class='wpc-user-field-info'>G\u00e4ste:<\/strong>\r\n        <span class='wpc_check_guest'><\/span>\r\n    <\/li>\r\n    <li> \r\n        <strong class='wpc-user-field-info'>Zeit:<\/strong>\r\n                <span class='wpc_check_start_time'><\/span>              <\/li>\r\n        \r\n    <li id=\"wpc_check_booking_date\"> \r\n        <strong class='wpc-user-field-info'>Datum:<\/strong>\r\n        <span class='wpc_check_booking_date'><\/span>\r\n    <\/li>\r\n    <li id=\"wpc_reserv_message\"> \r\n        <strong class='wpc-user-field-info'>Zus\u00e4tzliche Informationen:<\/strong>\r\n        <span class='wpc_reserv_message'><\/span>\r\n    <\/li>\r\n<\/ul>\r\n\r\n<div class='wpc_log_message'><\/div>\r\n\r\n\t\t\t\t\t\t\t\t\t<input type=\"button\" name=\"previous\" class=\"wpc-form-previous action-button wpc-btn\" value=\"Vorherige\" \/>\n\t\t\t\t\t\t\t\t\t<button class='confirm_booking_btn wpc-btn wpc-form-next' data-id='reservation_form_second_step'>Best\u00e4tigen Sie die Buchung<\/button>\n\t\t\t\t\t\t\t\t<\/div>\n\t\t\t\t\t\t\t\t<div class=\"wpc-reservation-success\">\n\t\t\t\t\t\t\t\t\t\t\t\t\t\t\t\t\t\t\t\t<div class=\"image_block\">\n\t\t\t\t\t\t\t\t\t\t\t\t<img decoding=\"async\" src=\"https:\/\/restaurant-chezcuisto.de\/wp-content\/plugins\/wpcafe-pro\/assets\/images\/reservation-success.png\" alt=\"Erfolg\"\/>\n\t\t\t\t\t\t\t\t\t\t<\/div>\n\t\t\t\t\t\t\t\t\t\t<h3 class=\"message_block_one success-title1\">\n\t\t\t\t\t\t\t\t\t\t\t\tFantastisch\t\t\t\t\t\t\t\t\t\t<\/h3>\n\t\t\t\t\t\t\t\t\t\t<!-- Check Food with reservation  -->\n\t\t\t\t\t\t\t\t\t\t\t\t\t\t\t\t\t\t\t\t\t\t<h4 class=\"message_block_two success-title2\">\n\t\t\t\t\t\t\t\t\t\t\t\t\t\tDeine Reservierung ist eingegangen. \u00dcberpr\u00fcfe deine E-Mail f\u00fcr Details.\t\t\t\t\t\t\t\t\t\t\t\t<\/h4>\n\t\t\t\t\t\t\t\t\t\t\t\t<p class=\"booking_details\" data-booking_details=\"Deine Rechnungsnummer.\"><\/p>\n\n\t\t\t\t\t\t\t\t\t\t\t\t<button class=\"wpc-another-reservation action-button wpc-btn\" name=\"another_reservation\"><i class=\"dashicons dashicons-image-rotate\"><\/i>Erneut buchen<\/button>\n\t\t\t\t\t\t\t\t\t\t\t\t\t\t\t\t\t\t\t\t<\/div>\n\t\t\t\t\t\t\t<\/div>\n\t\t\t\t\t\t<\/div>\n\t\t\t\t<input type=\"hidden\" name=\"trp-form-language\" value=\"de\"\/><\/form>\n\t\t\t<\/div>\n\n\t\t<\/div><!-- Tab pane 1 end -->\n\n\t\t<div class='wpc-tab' data-id='wpc-tab-2'>\n\t\t\t\t\t<\/div><!-- Tab pane 1 end -->\n\n\t<\/div><!-- Tab content-->\n<\/div>\n\n\n<!-- food menu -->\n        <\/div>\n        <\/div>\n\t\t\t\t\t\t<\/div>\n\t\t\t\t<\/div>\n\t\t\t\t<\/div>\n\t\t\t\t\t<\/div>\n\t\t\t\t<\/div>\n\t\t\t\t<\/div>","protected":false},"excerpt":{"rendered":"<p>Restaurant Chez Cuisto Stammheimer Stra\u00dfe 70, 70806 Kornwestheim Reservieren Sie Ihren Tisch f\u00fcr ein unvergessliches kulinarisches Erlebnis. Bitte beachten Sie, dass Reservierungen, bei denen die G\u00e4ste nicht innerhalb von 15 Minuten nach der vereinbarten Zeit erscheinen und keine Mitteilung erfolgt, als nicht wahrgenommen betrachtet werden. Wir bitten Sie daher h\u00f6flich, uns rechtzeitig \u00fcber \u00c4nderungen Ihrer [&hellip;]<\/p>","protected":false},"author":7,"featured_media":0,"parent":0,"menu_order":0,"comment_status":"closed","ping_status":"closed","template":"elementor_header_footer","meta":{"_acf_changed":false,"_monsterinsights_skip_tracking":false,"_monsterinsights_sitenote_active":false,"_monsterinsights_sitenote_note":"","_monsterinsights_sitenote_category":0,"ocean_post_layout":"","ocean_both_sidebars_style":"","ocean_both_sidebars_content_width":0,"ocean_both_sidebars_sidebars_width":0,"ocean_sidebar":"","ocean_second_sidebar":"","ocean_disable_margins":"enable","ocean_add_body_class":"","ocean_shortcode_before_top_bar":"","ocean_shortcode_after_top_bar":"","ocean_shortcode_before_header":"","ocean_shortcode_after_header":"","ocean_has_shortcode":"","ocean_shortcode_after_title":"","ocean_shortcode_before_footer_widgets":"","ocean_shortcode_after_footer_widgets":"","ocean_shortcode_before_footer_bottom":"","ocean_shortcode_after_footer_bottom":"","ocean_display_top_bar":"default","ocean_display_header":"default","ocean_header_style":"","ocean_center_header_left_menu":"","ocean_custom_header_template":"","ocean_custom_logo":0,"ocean_custom_retina_logo":0,"ocean_custom_logo_max_width":0,"ocean_custom_logo_tablet_max_width":0,"ocean_custom_logo_mobile_max_width":0,"ocean_custom_logo_max_height":0,"ocean_custom_logo_tablet_max_height":0,"ocean_custom_logo_mobile_max_height":0,"ocean_header_custom_menu":"","ocean_menu_typo_font_family":"","ocean_menu_typo_font_subset":"","ocean_menu_typo_font_size":0,"ocean_menu_typo_font_size_tablet":0,"ocean_menu_typo_font_size_mobile":0,"ocean_menu_typo_font_size_unit":"px","ocean_menu_typo_font_weight":"","ocean_menu_typo_font_weight_tablet":"","ocean_menu_typo_font_weight_mobile":"","ocean_menu_typo_transform":"","ocean_menu_typo_transform_tablet":"","ocean_menu_typo_transform_mobile":"","ocean_menu_typo_line_height":0,"ocean_menu_typo_line_height_tablet":0,"ocean_menu_typo_line_height_mobile":0,"ocean_menu_typo_line_height_unit":"","ocean_menu_typo_spacing":0,"ocean_menu_typo_spacing_tablet":0,"ocean_menu_typo_spacing_mobile":0,"ocean_menu_typo_spacing_unit":"","ocean_menu_link_color":"","ocean_menu_link_color_hover":"","ocean_menu_link_color_active":"","ocean_menu_link_background":"","ocean_menu_link_hover_background":"","ocean_menu_link_active_background":"","ocean_menu_social_links_bg":"","ocean_menu_social_hover_links_bg":"","ocean_menu_social_links_color":"","ocean_menu_social_hover_links_color":"","ocean_disable_title":"default","ocean_disable_heading":"default","ocean_post_title":"","ocean_post_subheading":"","ocean_post_title_style":"","ocean_post_title_background_color":"","ocean_post_title_background":0,"ocean_post_title_bg_image_position":"","ocean_post_title_bg_image_attachment":"","ocean_post_title_bg_image_repeat":"","ocean_post_title_bg_image_size":"","ocean_post_title_height":0,"ocean_post_title_bg_overlay":0.5,"ocean_post_title_bg_overlay_color":"","ocean_disable_breadcrumbs":"default","ocean_breadcrumbs_color":"","ocean_breadcrumbs_separator_color":"","ocean_breadcrumbs_links_color":"","ocean_breadcrumbs_links_hover_color":"","ocean_display_footer_widgets":"default","ocean_display_footer_bottom":"default","ocean_custom_footer_template":"","footnotes":""},"class_list":["post-8279","page","type-page","status-publish","hentry","entry","owp-thumbs-layout-horizontal","owp-btn-normal","owp-tabs-layout-horizontal","has-no-thumbnails","has-product-nav"],"acf":[],"aioseo_notices":[],"_links":{"self":[{"href":"https:\/\/restaurant-chezcuisto.de\/de\/wp-json\/wp\/v2\/pages\/8279","targetHints":{"allow":["GET"]}}],"collection":[{"href":"https:\/\/restaurant-chezcuisto.de\/de\/wp-json\/wp\/v2\/pages"}],"about":[{"href":"https:\/\/restaurant-chezcuisto.de\/de\/wp-json\/wp\/v2\/types\/page"}],"author":[{"embeddable":true,"href":"https:\/\/restaurant-chezcuisto.de\/de\/wp-json\/wp\/v2\/users\/7"}],"replies":[{"embeddable":true,"href":"https:\/\/restaurant-chezcuisto.de\/de\/wp-json\/wp\/v2\/comments?post=8279"}],"version-history":[{"count":118,"href":"https:\/\/restaurant-chezcuisto.de\/de\/wp-json\/wp\/v2\/pages\/8279\/revisions"}],"predecessor-version":[{"id":9753,"href":"https:\/\/restaurant-chezcuisto.de\/de\/wp-json\/wp\/v2\/pages\/8279\/revisions\/9753"}],"wp:attachment":[{"href":"https:\/\/restaurant-chezcuisto.de\/de\/wp-json\/wp\/v2\/media?parent=8279"}],"curies":[{"name":"wp","href":"https:\/\/api.w.org\/{rel}","templated":true}]}}