{"id":7261,"date":"2024-07-31T15:51:20","date_gmt":"2024-07-31T13:51:20","guid":{"rendered":"https:\/\/pro-cuisto.de\/?page_id=7261"},"modified":"2024-08-09T10:36:42","modified_gmt":"2024-08-09T08:36:42","slug":"foodtruck","status":"publish","type":"page","link":"https:\/\/restaurant-chezcuisto.de\/de\/foodtruck\/","title":{"rendered":"Foodtruck"},"content":{"rendered":"<div data-elementor-type=\"wp-page\" data-elementor-id=\"7261\" class=\"elementor elementor-7261\" data-elementor-post-type=\"page\">\n\t\t\t\t<div class=\"elementor-element elementor-element-17d9e67 e-con-full e-flex e-con e-parent\" data-id=\"17d9e67\" data-element_type=\"container\" data-settings=\"{&quot;background_background&quot;:&quot;classic&quot;}\">\n\t\t<div class=\"elementor-element elementor-element-a9af27d e-con-full e-flex e-con e-child\" data-id=\"a9af27d\" data-element_type=\"container\">\n\t\t<div class=\"elementor-element elementor-element-384df10 e-con-full e-flex e-con e-child\" data-id=\"384df10\" data-element_type=\"container\">\n\t\t\t\t<div class=\"elementor-element elementor-element-8dfb409 elementor-widget elementor-widget-heading\" data-id=\"8dfb409\" data-element_type=\"widget\" data-widget_type=\"heading.default\">\n\t\t\t\t<div class=\"elementor-widget-container\">\n\t\t\t\t\t<h2 class=\"elementor-heading-title elementor-size-default\">FOODTRUCK-CATERING<\/h2>\t\t\t\t<\/div>\n\t\t\t\t<\/div>\n\t\t\t\t<\/div>\n\t\t\t\t<\/div>\n\t\t<div class=\"elementor-element elementor-element-70344a5 e-con-full e-flex e-con e-child\" data-id=\"70344a5\" data-element_type=\"container\">\n\t\t<div class=\"elementor-element elementor-element-86ed0a7 e-con-full e-flex e-con e-child\" data-id=\"86ed0a7\" data-element_type=\"container\">\n\t\t\t\t<div class=\"elementor-element elementor-element-6ee3f3d elementor-hidden-mobile_extra elementor-hidden-mobile elementor-widget elementor-widget-ucaddon_blox_line_diamond_seperator\" data-id=\"6ee3f3d\" data-element_type=\"widget\" data-widget_type=\"ucaddon_blox_line_diamond_seperator.default\">\n\t\t\t\t<div class=\"elementor-widget-container\">\n\t\t\t\t\t\n<!-- start Line Diamond Separator -->\n<style>\/* widget: Line Diamond Separator *\/\n\ndiv.sep_diamond {\ncontent: \"\";\nheight: 10px;\nleft: 50%;\nmargin: -5px auto auto -5px;\nposition: absolute;\ntransform: rotate(-45deg);\nwidth: 10px;\n}\ndiv.separator {\nborder-top:1px solid;\nclear: both;\ndisplay:inline-block;\nposition:relative;\n}\n\n<\/style>\n\n<div style=\"text-align:center;\">\n <div class=\"separator\" style=\"border-color:#D3D3D3;width:100px;\">\n  <div class=\"sep_diamond\" style=\"background-color:#D3D3D3;\"><\/div>\n <\/div>\n<\/div>\n<!-- end Line Diamond Separator -->\t\t\t\t<\/div>\n\t\t\t\t<\/div>\n\t\t\t\t<div class=\"elementor-element elementor-element-bbaa8da elementor-widget elementor-widget-button\" data-id=\"bbaa8da\" data-element_type=\"widget\" data-widget_type=\"button.default\">\n\t\t\t\t<div class=\"elementor-widget-container\">\n\t\t\t\t\t\t\t\t\t<div class=\"elementor-button-wrapper\">\n\t\t\t\t\t<a class=\"elementor-button elementor-button-link elementor-size-sm\" href=\"https:\/\/restaurant-chezcuisto.de\/de\/kontakt\/\">\n\t\t\t\t\t\t<span class=\"elementor-button-content-wrapper\">\n\t\t\t\t\t\t\t\t\t<span class=\"elementor-button-text\">Foodtruck anfragen<\/span>\n\t\t\t\t\t<\/span>\n\t\t\t\t\t<\/a>\n\t\t\t\t<\/div>\n\t\t\t\t\t\t\t\t<\/div>\n\t\t\t\t<\/div>\n\t\t\t\t<div class=\"elementor-element elementor-element-89b20ab elementor-hidden-mobile_extra elementor-hidden-mobile elementor-widget elementor-widget-ucaddon_blox_line_diamond_seperator\" data-id=\"89b20ab\" data-element_type=\"widget\" data-widget_type=\"ucaddon_blox_line_diamond_seperator.default\">\n\t\t\t\t<div class=\"elementor-widget-container\">\n\t\t\t\t\t\n<!-- start Line Diamond Separator -->\n<style>\/* widget: Line Diamond Separator *\/\n\ndiv.sep_diamond {\ncontent: \"\";\nheight: 10px;\nleft: 50%;\nmargin: -5px auto auto -5px;\nposition: absolute;\ntransform: rotate(-45deg);\nwidth: 10px;\n}\ndiv.separator {\nborder-top:1px solid;\nclear: both;\ndisplay:inline-block;\nposition:relative;\n}\n\n<\/style>\n\n<div style=\"text-align:center;\">\n <div class=\"separator\" style=\"border-color:#D3D3D3;width:100px;\">\n  <div class=\"sep_diamond\" style=\"background-color:#D3D3D3;\"><\/div>\n <\/div>\n<\/div>\n<!-- end Line Diamond Separator -->\t\t\t\t<\/div>\n\t\t\t\t<\/div>\n\t\t\t\t<\/div>\n\t\t\t\t<\/div>\n\t\t\t\t<\/div>\n\t\t<div class=\"elementor-element elementor-element-68a7e17 e-flex e-con-boxed e-con e-parent\" data-id=\"68a7e17\" data-element_type=\"container\">\n\t\t\t\t\t<div class=\"e-con-inner\">\n\t\t\t\t<div class=\"elementor-element elementor-element-d7ca8df elementor-widget elementor-widget-heading\" data-id=\"d7ca8df\" data-element_type=\"widget\" data-widget_type=\"heading.default\">\n\t\t\t\t<div class=\"elementor-widget-container\">\n\t\t\t\t\t<h2 class=\"elementor-heading-title elementor-size-default\">Afro - Europ\u00e4ische K\u00fcche<\/h2>\t\t\t\t<\/div>\n\t\t\t\t<\/div>\n\t\t<div class=\"elementor-element elementor-element-a73ebd1 e-con-full e-flex e-con e-child\" data-id=\"a73ebd1\" data-element_type=\"container\">\n\t\t<div class=\"elementor-element elementor-element-39698b3 e-con-full e-flex e-con e-child\" data-id=\"39698b3\" data-element_type=\"container\">\n\t\t\t\t<div class=\"elementor-element elementor-element-0100262 elementor-widget elementor-widget-ucaddon_blox_line_diamond_seperator\" data-id=\"0100262\" data-element_type=\"widget\" data-widget_type=\"ucaddon_blox_line_diamond_seperator.default\">\n\t\t\t\t<div class=\"elementor-widget-container\">\n\t\t\t\t\t\n<!-- start Line Diamond Separator -->\n<style>\/* widget: Line Diamond Separator *\/\n\ndiv.sep_diamond {\ncontent: \"\";\nheight: 10px;\nleft: 50%;\nmargin: -5px auto auto -5px;\nposition: absolute;\ntransform: rotate(-45deg);\nwidth: 10px;\n}\ndiv.separator {\nborder-top:1px solid;\nclear: both;\ndisplay:inline-block;\nposition:relative;\n}\n\n<\/style>\n\n<div style=\"text-align:center;\">\n <div class=\"separator\" style=\"border-color:#292929F7;width:100px;\">\n  <div class=\"sep_diamond\" style=\"background-color:#292929F7;\"><\/div>\n <\/div>\n<\/div>\n<!-- end Line Diamond Separator -->\t\t\t\t<\/div>\n\t\t\t\t<\/div>\n\t\t\t\t<div class=\"elementor-element elementor-element-0c615c3 elementor-widget elementor-widget-heading\" data-id=\"0c615c3\" data-element_type=\"widget\" data-widget_type=\"heading.default\">\n\t\t\t\t<div class=\"elementor-widget-container\">\n\t\t\t\t\t<h2 class=\"elementor-heading-title elementor-size-default\">Pro Cuisto jetzt auf R\u00e4dern<\/h2>\t\t\t\t<\/div>\n\t\t\t\t<\/div>\n\t\t\t\t<div class=\"elementor-element elementor-element-f3b980f elementor-widget elementor-widget-ucaddon_blox_line_diamond_seperator\" data-id=\"f3b980f\" data-element_type=\"widget\" data-widget_type=\"ucaddon_blox_line_diamond_seperator.default\">\n\t\t\t\t<div class=\"elementor-widget-container\">\n\t\t\t\t\t\n<!-- start Line Diamond Separator -->\n<style>\/* widget: Line Diamond Separator *\/\n\ndiv.sep_diamond {\ncontent: \"\";\nheight: 10px;\nleft: 50%;\nmargin: -5px auto auto -5px;\nposition: absolute;\ntransform: rotate(-45deg);\nwidth: 10px;\n}\ndiv.separator {\nborder-top:1px solid;\nclear: both;\ndisplay:inline-block;\nposition:relative;\n}\n\n<\/style>\n\n<div style=\"text-align:center;\">\n <div class=\"separator\" style=\"border-color:#292929F0;width:100px;\">\n  <div class=\"sep_diamond\" style=\"background-color:#292929F0;\"><\/div>\n <\/div>\n<\/div>\n<!-- end Line Diamond Separator -->\t\t\t\t<\/div>\n\t\t\t\t<\/div>\n\t\t\t\t<\/div>\n\t\t\t\t<\/div>\n\t\t\t\t<div class=\"elementor-element elementor-element-de3744d elementor-widget elementor-widget-text-editor\" data-id=\"de3744d\" data-element_type=\"widget\" data-widget_type=\"text-editor.default\">\n\t\t\t\t<div class=\"elementor-widget-container\">\n\t\t\t\t\t\t\t\t\t<p class=\"p1\">Erleben Sie die kulinarische Vielfalt mit unserem Foodtruck von Pro Cuisto! Von saftigen Burgern und knackigen Salaten \u00fcber K\u00e4sesp\u00e4tzle und Zwiebelrostbraten bis hin zu exotischen Streetfood-Spezialit\u00e4ten wie frittierten Kochbananen - wir haben f\u00fcr jeden Geschmack etwas dabei. Unsere Speisen reichen von typisch deutschen K\u00f6stlichkeiten bis hin zu westafrikanischen Delikatessen. Pro Cuisto steht f\u00fcr Vielfalt, Geschmack, Freundlichkeit und Flexibilit\u00e4t.<\/p>\t\t\t\t\t\t\t\t<\/div>\n\t\t\t\t<\/div>\n\t\t\t\t\t<\/div>\n\t\t\t\t<\/div>\n\t\t<div class=\"elementor-element elementor-element-5a73230 e-con-full e-flex e-con e-parent\" data-id=\"5a73230\" data-element_type=\"container\">\n\t\t\t\t<div class=\"elementor-element elementor-element-dfb9408 elementor-widget elementor-widget-image-carousel\" data-id=\"dfb9408\" data-element_type=\"widget\" data-settings=\"{&quot;slides_to_show&quot;:&quot;5&quot;,&quot;slides_to_scroll&quot;:&quot;1&quot;,&quot;navigation&quot;:&quot;none&quot;,&quot;autoplay_speed&quot;:0,&quot;speed&quot;:50000,&quot;image_spacing_custom&quot;:{&quot;unit&quot;:&quot;px&quot;,&quot;size&quot;:9,&quot;sizes&quot;:[]},&quot;autoplay&quot;:&quot;yes&quot;,&quot;infinite&quot;:&quot;yes&quot;,&quot;image_spacing_custom_laptop&quot;:{&quot;unit&quot;:&quot;px&quot;,&quot;size&quot;:&quot;&quot;,&quot;sizes&quot;:[]},&quot;image_spacing_custom_tablet_extra&quot;:{&quot;unit&quot;:&quot;px&quot;,&quot;size&quot;:&quot;&quot;,&quot;sizes&quot;:[]},&quot;image_spacing_custom_tablet&quot;:{&quot;unit&quot;:&quot;px&quot;,&quot;size&quot;:&quot;&quot;,&quot;sizes&quot;:[]},&quot;image_spacing_custom_mobile_extra&quot;:{&quot;unit&quot;:&quot;px&quot;,&quot;size&quot;:&quot;&quot;,&quot;sizes&quot;:[]},&quot;image_spacing_custom_mobile&quot;:{&quot;unit&quot;:&quot;px&quot;,&quot;size&quot;:&quot;&quot;,&quot;sizes&quot;:[]}}\" data-widget_type=\"image-carousel.default\">\n\t\t\t\t<div class=\"elementor-widget-container\">\n\t\t\t\t\t\t\t<div class=\"elementor-image-carousel-wrapper swiper\" role=\"region\" aria-roledescription=\"carousel\" aria-label=\"Bild-Karussell\" dir=\"ltr\">\n\t\t\t<div class=\"elementor-image-carousel swiper-wrapper\" aria-live=\"off\">\n\t\t\t\t\t\t\t\t<div class=\"swiper-slide\" role=\"group\" aria-roledescription=\"slide\" aria-label=\"1 von 8\"><figure class=\"swiper-slide-inner\"><img decoding=\"async\" class=\"swiper-slide-image\" src=\"https:\/\/restaurant-chezcuisto.de\/wp-content\/uploads\/elementor\/thumbs\/IMG_6984-scaled-qscfz4pqdfrpspwenglii4egfnff33vwe0bukul9dk.jpg\" alt=\"IMG_6984\" \/><\/figure><\/div><div class=\"swiper-slide\" role=\"group\" aria-roledescription=\"slide\" aria-label=\"2 von 8\"><figure class=\"swiper-slide-inner\"><img decoding=\"async\" class=\"swiper-slide-image\" src=\"https:\/\/restaurant-chezcuisto.de\/wp-content\/uploads\/elementor\/thumbs\/IMG_6987-scaled-qs9hgapvua67cc7jdtzxxtuh3stzprv3tchph0jans.jpg\" alt=\"IMG_6987\" \/><\/figure><\/div><div class=\"swiper-slide\" role=\"group\" aria-roledescription=\"slide\" aria-label=\"3 von 8\"><figure class=\"swiper-slide-inner\"><img decoding=\"async\" class=\"swiper-slide-image\" src=\"https:\/\/restaurant-chezcuisto.de\/wp-content\/uploads\/elementor\/thumbs\/IMG_6992-qs9hggcwzadx9zzcgwfpcsf8o426zyhhu4emcoaxmg.jpg\" alt=\"IMG_6992\" \/><\/figure><\/div><div class=\"swiper-slide\" role=\"group\" aria-roledescription=\"slide\" aria-label=\"4 von 8\"><figure class=\"swiper-slide-inner\"><img decoding=\"async\" class=\"swiper-slide-image\" src=\"https:\/\/restaurant-chezcuisto.de\/wp-content\/uploads\/elementor\/thumbs\/IMG_6993-qscfzogccyiqkj3qg74oghf4wqq4kr29gq11nnrzqw.jpg\" alt=\"IMG_6993\" \/><\/figure><\/div><div class=\"swiper-slide\" role=\"group\" aria-roledescription=\"slide\" aria-label=\"5 von 8\"><figure class=\"swiper-slide-inner\"><img decoding=\"async\" class=\"swiper-slide-image\" src=\"https:\/\/restaurant-chezcuisto.de\/wp-content\/uploads\/elementor\/thumbs\/IMG_6992-1-qscfznii64hg8x53loq1vznobcurd1yj4ldk6dtdx4.jpg\" alt=\"IMG_6992\" \/><\/figure><\/div><div class=\"swiper-slide\" role=\"group\" aria-roledescription=\"slide\" aria-label=\"6 von 8\"><figure class=\"swiper-slide-inner\"><img decoding=\"async\" class=\"swiper-slide-image\" src=\"https:\/\/restaurant-chezcuisto.de\/wp-content\/uploads\/elementor\/thumbs\/IMG_6995-rotated-qscfzpe6jsk0w52dapjb0z6li4lhsg5zsuoj4xqlko.jpg\" alt=\"IMG_6995\" \/><\/figure><\/div><div class=\"swiper-slide\" role=\"group\" aria-roledescription=\"slide\" aria-label=\"7 von 8\"><figure class=\"swiper-slide-inner\"><img decoding=\"async\" class=\"swiper-slide-image\" src=\"https:\/\/restaurant-chezcuisto.de\/wp-content\/uploads\/elementor\/thumbs\/IMG_6983-1-scaled-qscfz00jf9la6o38ewkdnnl5gq2l0md8pd2f6gs88o.jpg\" alt=\"IMG_6983\" \/><\/figure><\/div><div class=\"swiper-slide\" role=\"group\" aria-roledescription=\"slide\" aria-label=\"8 von 8\"><figure class=\"swiper-slide-inner\"><img decoding=\"async\" class=\"swiper-slide-image\" src=\"https:\/\/restaurant-chezcuisto.de\/wp-content\/uploads\/elementor\/thumbs\/PHOTO-2024-07-17-17-51-30-qscfzt5jb4p66kwwor5tay8fvo2yn8kx5dah21l0vs.jpg\" alt=\"PHOTO-2024-07-17-17-51-30\" \/><\/figure><\/div>\t\t\t<\/div>\n\t\t\t\t\t\t\t\n\t\t\t\t\t\t\t\t\t<\/div>\n\t\t\t\t\t\t<\/div>\n\t\t\t\t<\/div>\n\t\t\t\t<div class=\"elementor-element elementor-element-2bf6f9b elementor-widget elementor-widget-image-carousel\" data-id=\"2bf6f9b\" data-element_type=\"widget\" data-settings=\"{&quot;slides_to_show&quot;:&quot;4&quot;,&quot;slides_to_scroll&quot;:&quot;1&quot;,&quot;navigation&quot;:&quot;none&quot;,&quot;autoplay_speed&quot;:0,&quot;speed&quot;:40000,&quot;image_spacing_custom&quot;:{&quot;unit&quot;:&quot;px&quot;,&quot;size&quot;:12,&quot;sizes&quot;:[]},&quot;autoplay&quot;:&quot;yes&quot;,&quot;infinite&quot;:&quot;yes&quot;,&quot;image_spacing_custom_laptop&quot;:{&quot;unit&quot;:&quot;px&quot;,&quot;size&quot;:&quot;&quot;,&quot;sizes&quot;:[]},&quot;image_spacing_custom_tablet_extra&quot;:{&quot;unit&quot;:&quot;px&quot;,&quot;size&quot;:&quot;&quot;,&quot;sizes&quot;:[]},&quot;image_spacing_custom_tablet&quot;:{&quot;unit&quot;:&quot;px&quot;,&quot;size&quot;:&quot;&quot;,&quot;sizes&quot;:[]},&quot;image_spacing_custom_mobile_extra&quot;:{&quot;unit&quot;:&quot;px&quot;,&quot;size&quot;:&quot;&quot;,&quot;sizes&quot;:[]},&quot;image_spacing_custom_mobile&quot;:{&quot;unit&quot;:&quot;px&quot;,&quot;size&quot;:&quot;&quot;,&quot;sizes&quot;:[]}}\" data-widget_type=\"image-carousel.default\">\n\t\t\t\t<div class=\"elementor-widget-container\">\n\t\t\t\t\t\t\t<div class=\"elementor-image-carousel-wrapper swiper\" role=\"region\" aria-roledescription=\"carousel\" aria-label=\"Bild-Karussell\" dir=\"rtl\">\n\t\t\t<div class=\"elementor-image-carousel swiper-wrapper\" aria-live=\"off\">\n\t\t\t\t\t\t\t\t<div class=\"swiper-slide\" role=\"group\" aria-roledescription=\"slide\" aria-label=\"1 von 6\"><figure class=\"swiper-slide-inner\"><img decoding=\"async\" class=\"swiper-slide-image\" src=\"https:\/\/restaurant-chezcuisto.de\/wp-content\/uploads\/elementor\/thumbs\/IMG_7714-rotated-qscg4xdwinpde5hasysovnqsb6uwjwwb6p5n49zv08.jpg\" alt=\"IMG_7714\" \/><\/figure><\/div><div class=\"swiper-slide\" role=\"group\" aria-roledescription=\"slide\" aria-label=\"2 von 6\"><figure class=\"swiper-slide-inner\"><img decoding=\"async\" class=\"swiper-slide-image\" src=\"https:\/\/restaurant-chezcuisto.de\/wp-content\/uploads\/elementor\/thumbs\/IMG_7715-rotated-qscg4ybqphqnprfxnh7bg5i8wkq9rm01itt4ljygu0.jpg\" alt=\"IMG_7715\" \/><\/figure><\/div><div class=\"swiper-slide\" role=\"group\" aria-roledescription=\"slide\" aria-label=\"3 von 6\"><figure class=\"swiper-slide-inner\"><img decoding=\"async\" class=\"swiper-slide-image\" src=\"https:\/\/restaurant-chezcuisto.de\/wp-content\/uploads\/elementor\/thumbs\/IMG_7718-rotated-qscg4ybqphqnprfxnh7bg5i8wkq9rm01itt4ljygu0.jpg\" alt=\"IMG_7718\" \/><\/figure><\/div><div class=\"swiper-slide\" role=\"group\" aria-roledescription=\"slide\" aria-label=\"4 von 6\"><figure class=\"swiper-slide-inner\"><img decoding=\"async\" class=\"swiper-slide-image\" src=\"https:\/\/restaurant-chezcuisto.de\/wp-content\/uploads\/elementor\/thumbs\/IMG_7723-rotated-qscg4z9kwbry1dekhzly0n9phylmzb3ruygm2tx2ns.jpg\" alt=\"IMG_7723\" \/><\/figure><\/div><div class=\"swiper-slide\" role=\"group\" aria-roledescription=\"slide\" aria-label=\"5 von 6\"><figure class=\"swiper-slide-inner\"><img decoding=\"async\" class=\"swiper-slide-image\" src=\"https:\/\/restaurant-chezcuisto.de\/wp-content\/uploads\/elementor\/thumbs\/IMG_7725-rotated-qscg507f35t8czd7ci0kl5163ch0707i7343k3vohk.jpg\" alt=\"IMG_7725\" \/><\/figure><\/div><div class=\"swiper-slide\" role=\"group\" aria-roledescription=\"slide\" aria-label=\"6 von 6\"><figure class=\"swiper-slide-inner\"><img decoding=\"async\" class=\"swiper-slide-image\" src=\"https:\/\/restaurant-chezcuisto.de\/wp-content\/uploads\/elementor\/thumbs\/IMG_7726-qscg51599zuiolbu70f75msmoqcdepb8j7rl1duabc.jpg\" alt=\"IMG_7726\" \/><\/figure><\/div>\t\t\t<\/div>\n\t\t\t\t\t\t\t\n\t\t\t\t\t\t\t\t\t<\/div>\n\t\t\t\t\t\t<\/div>\n\t\t\t\t<\/div>\n\t\t\t\t<\/div>\n\t\t<div class=\"elementor-element elementor-element-b338269 e-flex e-con-boxed e-con e-parent\" data-id=\"b338269\" data-element_type=\"container\">\n\t\t\t\t\t<div class=\"e-con-inner\">\n\t\t\t\t<div class=\"elementor-element elementor-element-f8ed150 elementor-widget elementor-widget-heading\" data-id=\"f8ed150\" data-element_type=\"widget\" data-widget_type=\"heading.default\">\n\t\t\t\t<div class=\"elementor-widget-container\">\n\t\t\t\t\t<h2 class=\"elementor-heading-title elementor-size-default\">Afro - Europ\u00e4ische K\u00fcche<\/h2>\t\t\t\t<\/div>\n\t\t\t\t<\/div>\n\t\t<div class=\"elementor-element elementor-element-46f8c41 e-con-full e-flex e-con e-child\" data-id=\"46f8c41\" data-element_type=\"container\">\n\t\t<div class=\"elementor-element elementor-element-41c9c5f e-con-full e-flex e-con e-child\" data-id=\"41c9c5f\" data-element_type=\"container\">\n\t\t\t\t<div class=\"elementor-element elementor-element-1e2c783 elementor-widget elementor-widget-ucaddon_blox_line_diamond_seperator\" data-id=\"1e2c783\" data-element_type=\"widget\" data-widget_type=\"ucaddon_blox_line_diamond_seperator.default\">\n\t\t\t\t<div class=\"elementor-widget-container\">\n\t\t\t\t\t\n<!-- start Line Diamond Separator -->\n<style>\/* widget: Line Diamond Separator *\/\n\ndiv.sep_diamond {\ncontent: \"\";\nheight: 10px;\nleft: 50%;\nmargin: -5px auto auto -5px;\nposition: absolute;\ntransform: rotate(-45deg);\nwidth: 10px;\n}\ndiv.separator {\nborder-top:1px solid;\nclear: both;\ndisplay:inline-block;\nposition:relative;\n}\n\n<\/style>\n\n<div style=\"text-align:center;\">\n <div class=\"separator\" style=\"border-color:#292929F7;width:100px;\">\n  <div class=\"sep_diamond\" style=\"background-color:#292929F7;\"><\/div>\n <\/div>\n<\/div>\n<!-- end Line Diamond Separator -->\t\t\t\t<\/div>\n\t\t\t\t<\/div>\n\t\t\t\t<div class=\"elementor-element elementor-element-0d65e2a elementor-widget elementor-widget-heading\" data-id=\"0d65e2a\" data-element_type=\"widget\" data-widget_type=\"heading.default\">\n\t\t\t\t<div class=\"elementor-widget-container\">\n\t\t\t\t\t<h2 class=\"elementor-heading-title elementor-size-default\">Pro Cuisto Verpflegung<\/h2>\t\t\t\t<\/div>\n\t\t\t\t<\/div>\n\t\t\t\t<div class=\"elementor-element elementor-element-d567698 elementor-widget elementor-widget-ucaddon_blox_line_diamond_seperator\" data-id=\"d567698\" data-element_type=\"widget\" data-widget_type=\"ucaddon_blox_line_diamond_seperator.default\">\n\t\t\t\t<div class=\"elementor-widget-container\">\n\t\t\t\t\t\n<!-- start Line Diamond Separator -->\n<style>\/* widget: Line Diamond Separator *\/\n\ndiv.sep_diamond {\ncontent: \"\";\nheight: 10px;\nleft: 50%;\nmargin: -5px auto auto -5px;\nposition: absolute;\ntransform: rotate(-45deg);\nwidth: 10px;\n}\ndiv.separator {\nborder-top:1px solid;\nclear: both;\ndisplay:inline-block;\nposition:relative;\n}\n\n<\/style>\n\n<div style=\"text-align:center;\">\n <div class=\"separator\" style=\"border-color:#292929F0;width:100px;\">\n  <div class=\"sep_diamond\" style=\"background-color:#292929F0;\"><\/div>\n <\/div>\n<\/div>\n<!-- end Line Diamond Separator -->\t\t\t\t<\/div>\n\t\t\t\t<\/div>\n\t\t\t\t<\/div>\n\t\t\t\t<\/div>\n\t\t\t\t<div class=\"elementor-element elementor-element-700f475 elementor-widget elementor-widget-text-editor\" data-id=\"700f475\" data-element_type=\"widget\" data-widget_type=\"text-editor.default\">\n\t\t\t\t<div class=\"elementor-widget-container\">\n\t\t\t\t\t\t\t\t\t<p class=\"p1\">Machen Sie Ihre Firmenfeier, Hochzeit oder Geburtstagsparty zu einem unvergesslichen Erlebnis mit dem Foodtruck Catering von Pro Cuisto. Wir bringen frische und k\u00f6stliche Speisen nach Ihrem Wunsch direkt zu Ihrem Veranstaltungsort. G\u00f6nnen Sie sich und Ihren G\u00e4sten eine kulinarische Reise direkt vor Ort - mit unserem Foodtruck wird Ihr Event zum Geschmackserlebnis! Haben Sie weitere Fragen oder m\u00f6chten uns direkt buchen? Kontaktieren Sie uns gerne per Mail oder \u00fcber das Kontaktformular.<\/p>\t\t\t\t\t\t\t\t<\/div>\n\t\t\t\t<\/div>\n\t\t\t\t\t<\/div>\n\t\t\t\t<\/div>\n\t\t\t\t<\/div>","protected":false},"excerpt":{"rendered":"<p>FOODTRUCK CATERING Foodtruck anfragen Afro &#8211; European Cuisine Pro Cuisto jetzt auf R\u00e4dern Erleben Sie die kulinarische Vielfalt mit unserem Foodtruck von Pro Cuisto! Von saftigen Burgern und knackigen Salaten \u00fcber K\u00e4sesp\u00e4tzle und Zwiebelrostbraten bis hin zu exotischen Streetfood-Spezialit\u00e4ten wie frittierten Kochbananen \u2013 wir haben f\u00fcr jeden Geschmack etwas dabei. Unsere Speisen reichen von typisch [&hellip;]<\/p>","protected":false},"author":6,"featured_media":0,"parent":0,"menu_order":0,"comment_status":"closed","ping_status":"closed","template":"elementor_header_footer","meta":{"_acf_changed":false,"_monsterinsights_skip_tracking":false,"_monsterinsights_sitenote_active":false,"_monsterinsights_sitenote_note":"","_monsterinsights_sitenote_category":0,"ocean_post_layout":"full-screen","ocean_both_sidebars_style":"","ocean_both_sidebars_content_width":0,"ocean_both_sidebars_sidebars_width":0,"ocean_sidebar":"0","ocean_second_sidebar":"0","ocean_disable_margins":"enable","ocean_add_body_class":"","ocean_shortcode_before_top_bar":"","ocean_shortcode_after_top_bar":"","ocean_shortcode_before_header":"","ocean_shortcode_after_header":"","ocean_has_shortcode":"","ocean_shortcode_after_title":"","ocean_shortcode_before_footer_widgets":"","ocean_shortcode_after_footer_widgets":"","ocean_shortcode_before_footer_bottom":"","ocean_shortcode_after_footer_bottom":"","ocean_display_top_bar":"off","ocean_display_header":"off","ocean_header_style":"","ocean_center_header_left_menu":"0","ocean_custom_header_template":"0","ocean_custom_logo":0,"ocean_custom_retina_logo":0,"ocean_custom_logo_max_width":0,"ocean_custom_logo_tablet_max_width":0,"ocean_custom_logo_mobile_max_width":0,"ocean_custom_logo_max_height":0,"ocean_custom_logo_tablet_max_height":0,"ocean_custom_logo_mobile_max_height":0,"ocean_header_custom_menu":"0","ocean_menu_typo_font_family":"0","ocean_menu_typo_font_subset":"","ocean_menu_typo_font_size":0,"ocean_menu_typo_font_size_tablet":0,"ocean_menu_typo_font_size_mobile":0,"ocean_menu_typo_font_size_unit":"px","ocean_menu_typo_font_weight":"","ocean_menu_typo_font_weight_tablet":"","ocean_menu_typo_font_weight_mobile":"","ocean_menu_typo_transform":"","ocean_menu_typo_transform_tablet":"","ocean_menu_typo_transform_mobile":"","ocean_menu_typo_line_height":0,"ocean_menu_typo_line_height_tablet":0,"ocean_menu_typo_line_height_mobile":0,"ocean_menu_typo_line_height_unit":"","ocean_menu_typo_spacing":0,"ocean_menu_typo_spacing_tablet":0,"ocean_menu_typo_spacing_mobile":0,"ocean_menu_typo_spacing_unit":"","ocean_menu_link_color":"","ocean_menu_link_color_hover":"","ocean_menu_link_color_active":"","ocean_menu_link_background":"","ocean_menu_link_hover_background":"","ocean_menu_link_active_background":"","ocean_menu_social_links_bg":"","ocean_menu_social_hover_links_bg":"","ocean_menu_social_links_color":"","ocean_menu_social_hover_links_color":"","ocean_disable_title":"on","ocean_disable_heading":"default","ocean_post_title":"","ocean_post_subheading":"","ocean_post_title_style":"","ocean_post_title_background_color":"","ocean_post_title_background":0,"ocean_post_title_bg_image_position":"","ocean_post_title_bg_image_attachment":"","ocean_post_title_bg_image_repeat":"","ocean_post_title_bg_image_size":"","ocean_post_title_height":0,"ocean_post_title_bg_overlay":0.5,"ocean_post_title_bg_overlay_color":"","ocean_disable_breadcrumbs":"default","ocean_breadcrumbs_color":"","ocean_breadcrumbs_separator_color":"","ocean_breadcrumbs_links_color":"","ocean_breadcrumbs_links_hover_color":"","ocean_display_footer_widgets":"off","ocean_display_footer_bottom":"off","ocean_custom_footer_template":"0","footnotes":""},"class_list":["post-7261","page","type-page","status-publish","hentry","entry","owp-thumbs-layout-horizontal","owp-btn-normal","owp-tabs-layout-horizontal","has-no-thumbnails","has-product-nav"],"acf":[],"aioseo_notices":[],"_links":{"self":[{"href":"https:\/\/restaurant-chezcuisto.de\/de\/wp-json\/wp\/v2\/pages\/7261","targetHints":{"allow":["GET"]}}],"collection":[{"href":"https:\/\/restaurant-chezcuisto.de\/de\/wp-json\/wp\/v2\/pages"}],"about":[{"href":"https:\/\/restaurant-chezcuisto.de\/de\/wp-json\/wp\/v2\/types\/page"}],"author":[{"embeddable":true,"href":"https:\/\/restaurant-chezcuisto.de\/de\/wp-json\/wp\/v2\/users\/6"}],"replies":[{"embeddable":true,"href":"https:\/\/restaurant-chezcuisto.de\/de\/wp-json\/wp\/v2\/comments?post=7261"}],"version-history":[{"count":51,"href":"https:\/\/restaurant-chezcuisto.de\/de\/wp-json\/wp\/v2\/pages\/7261\/revisions"}],"predecessor-version":[{"id":8234,"href":"https:\/\/restaurant-chezcuisto.de\/de\/wp-json\/wp\/v2\/pages\/7261\/revisions\/8234"}],"wp:attachment":[{"href":"https:\/\/restaurant-chezcuisto.de\/de\/wp-json\/wp\/v2\/media?parent=7261"}],"curies":[{"name":"wp","href":"https:\/\/api.w.org\/{rel}","templated":true}]}}