{"id":6763,"date":"2023-11-02T21:45:17","date_gmt":"2023-11-02T20:45:17","guid":{"rendered":"https:\/\/pro-cuisto.de\/?page_id=6763"},"modified":"2025-10-28T22:21:27","modified_gmt":"2025-10-28T21:21:27","slug":"agb","status":"publish","type":"page","link":"https:\/\/restaurant-chezcuisto.de\/de\/agb\/","title":{"rendered":"AGB"},"content":{"rendered":"<div data-elementor-type=\"wp-page\" data-elementor-id=\"6763\" class=\"elementor elementor-6763\" data-elementor-post-type=\"page\">\n\t\t\t\t\t\t<section class=\"elementor-section elementor-top-section elementor-element elementor-element-3eb969e elementor-section-full_width elementor-section-height-min-height elementor-hidden-tablet elementor-hidden-mobile elementor-section-height-default elementor-section-items-middle\" data-id=\"3eb969e\" data-element_type=\"section\" data-settings=\"{&quot;background_background&quot;:&quot;slideshow&quot;,&quot;background_slideshow_gallery&quot;:[{&quot;id&quot;:9237,&quot;url&quot;:&quot;https:\\\/\\\/restaurant-chezcuisto.de\\\/wp-content\\\/uploads\\\/2025\\\/10\\\/2025-10-14sig636bap-scaled.jpg&quot;}],&quot;background_slideshow_slide_transition&quot;:&quot;slide_left&quot;,&quot;background_slideshow_transition_duration&quot;:450,&quot;background_slideshow_ken_burns&quot;:&quot;yes&quot;,&quot;background_slideshow_ken_burns_zoom_direction&quot;:&quot;out&quot;,&quot;background_slideshow_loop&quot;:&quot;yes&quot;,&quot;background_slideshow_slide_duration&quot;:5000}\">\n\t\t\t\t\t\t<div class=\"elementor-container elementor-column-gap-default\">\n\t\t\t\t\t<div class=\"elementor-column elementor-col-100 elementor-top-column elementor-element elementor-element-0ed959d\" data-id=\"0ed959d\" data-element_type=\"column\">\n\t\t\t<div class=\"elementor-widget-wrap elementor-element-populated\">\n\t\t\t\t\t\t<section class=\"elementor-section elementor-inner-section elementor-element elementor-element-96bdf94 elementor-hidden-mobile elementor-section-full_width elementor-section-content-middle elementor-section-height-default elementor-section-height-default\" data-id=\"96bdf94\" data-element_type=\"section\" data-settings=\"{&quot;background_background&quot;:&quot;classic&quot;}\">\n\t\t\t\t\t\t<div class=\"elementor-container elementor-column-gap-default\">\n\t\t\t\t\t<div class=\"elementor-column elementor-col-12 elementor-inner-column elementor-element elementor-element-1b45c30\" data-id=\"1b45c30\" data-element_type=\"column\">\n\t\t\t<div class=\"elementor-widget-wrap\">\n\t\t\t\t\t\t\t<\/div>\n\t\t<\/div>\n\t\t\t\t<div class=\"elementor-column elementor-col-12 elementor-inner-column elementor-element elementor-element-0522c77\" data-id=\"0522c77\" data-element_type=\"column\">\n\t\t\t<div class=\"elementor-widget-wrap\">\n\t\t\t\t\t\t\t<\/div>\n\t\t<\/div>\n\t\t\t\t<div class=\"elementor-column elementor-col-12 elementor-inner-column elementor-element elementor-element-10c0ef3\" data-id=\"10c0ef3\" data-element_type=\"column\">\n\t\t\t<div class=\"elementor-widget-wrap\">\n\t\t\t\t\t\t\t<\/div>\n\t\t<\/div>\n\t\t\t\t<div class=\"elementor-column elementor-col-12 elementor-inner-column elementor-element elementor-element-60daf12\" data-id=\"60daf12\" data-element_type=\"column\">\n\t\t\t<div class=\"elementor-widget-wrap\">\n\t\t\t\t\t\t\t<\/div>\n\t\t<\/div>\n\t\t\t\t<div class=\"elementor-column elementor-col-12 elementor-inner-column elementor-element elementor-element-74b6120\" data-id=\"74b6120\" data-element_type=\"column\">\n\t\t\t<div class=\"elementor-widget-wrap\">\n\t\t\t\t\t\t\t<\/div>\n\t\t<\/div>\n\t\t\t\t<div class=\"elementor-column elementor-col-12 elementor-inner-column elementor-element elementor-element-cff1086\" data-id=\"cff1086\" data-element_type=\"column\">\n\t\t\t<div class=\"elementor-widget-wrap\">\n\t\t\t\t\t\t\t<\/div>\n\t\t<\/div>\n\t\t\t\t<div class=\"elementor-column elementor-col-12 elementor-inner-column elementor-element elementor-element-5e7e42a\" data-id=\"5e7e42a\" data-element_type=\"column\">\n\t\t\t<div class=\"elementor-widget-wrap\">\n\t\t\t\t\t\t\t<\/div>\n\t\t<\/div>\n\t\t\t\t<div class=\"elementor-column elementor-col-12 elementor-inner-column elementor-element elementor-element-2e65a23\" data-id=\"2e65a23\" data-element_type=\"column\">\n\t\t\t<div class=\"elementor-widget-wrap\">\n\t\t\t\t\t\t\t<\/div>\n\t\t<\/div>\n\t\t\t\t\t<\/div>\n\t\t<\/section>\n\t\t\t\t\t<\/div>\n\t\t<\/div>\n\t\t\t\t\t<\/div>\n\t\t<\/section>\n\t\t\t\t<section class=\"elementor-section elementor-top-section elementor-element elementor-element-fc67b87 elementor-section-full_width elementor-section-height-min-height elementor-section-height-default elementor-section-items-middle\" data-id=\"fc67b87\" data-element_type=\"section\" data-settings=\"{&quot;background_background&quot;:&quot;classic&quot;}\">\n\t\t\t\t\t\t\t<div class=\"elementor-background-overlay\"><\/div>\n\t\t\t\t\t\t\t<div class=\"elementor-container elementor-column-gap-default\">\n\t\t\t\t\t<div class=\"elementor-column elementor-col-100 elementor-top-column elementor-element elementor-element-cf930f2\" data-id=\"cf930f2\" data-element_type=\"column\">\n\t\t\t<div class=\"elementor-widget-wrap elementor-element-populated\">\n\t\t\t\t\t\t<div class=\"elementor-element elementor-element-f0dfb38 elementor-widget__width-initial elementor-widget elementor-widget-text-editor\" data-id=\"f0dfb38\" data-element_type=\"widget\" data-widget_type=\"text-editor.default\">\n\t\t\t\t<div class=\"elementor-widget-container\">\n\t\t\t\t\t\t\t\t\t<p><strong>Allgemeines <\/strong><strong>Allgemeine Gesch\u00e4ftsbedingungen (AGB)<\/strong><\/p>\n<p><b>1. Geltungsbereichltungsbereich<\/b><\/p>\n<p>Nachstehende Allgemeine Gesch\u00e4ftsbedingungen (\u201cAGB\u201d) gelten f\u00fcr alle - auch k\u00fcnftigen - Vertr\u00e4ge (=best\u00e4tigte Reservierung und Buchung), Lieferungen, sonstige Catering-Serviceleistungen, \u00fcber die Bewirtung von G\u00e4sten und die mietweise \u00dcberlassung von Veranstaltungsr\u00e4umen des Restaurantbetriebs zur Durchf\u00fchrung von Veranstaltungen wie Seminaren, Hochzeiten, Ausstellungen und Pr\u00e4sentationen etc. sowie f\u00fcr alle in diesem Zusammenhang f\u00fcr den Kunden erbrachten weiteren Leistungen und Lieferungen des Restaurant- und Cateringbetriebs vom Restaurant Chez Cuisto und Pro Cuisto gegen\u00fcber seinen Kunden.<\/p>\n<p>Die AGB vom Restaurant Chez Cuisto und Pro Cuisto haben ausschlie\u00dfliche G\u00fcltigkeit. Abweichende, entgegenstehende oder erg\u00e4nzende Allgemeine Gesch\u00e4ftsbedingungen des Kunden werden nur dann Vertragsbestandteil, wenn Restaurant Chez Cuisto und Pro Cuisto ihrer Geltung ausdr\u00fccklich schriftlich (z. B. per E-Mail, Fax oder Brief) zugestimmt hat. Diese Zustimmungserfordernis gilt in jedem Fall, auch dann, wenn Restaurant Chez Cuisto und Pro Cuisto seine Leistungen f\u00fcr den Kunden ohne Vorbehalt unter Kenntnis der Allgemeinen Gesch\u00e4ftsbedingungen des Kunden erbringt.<\/p>\n<p>Individuelle Vereinbarungen zwischen Restaurant Chez Cuisto und Pro Cuisto und dem Kunden (einschlie\u00dflich Nebenabreden, Erg\u00e4nzungen und \u00c4nderungen) haben in jedem Fall Vorrang vor diesen AGB. Der Inhalt solcher Vereinbarungen ergibt sich, vorbehaltlich des Gegenbeweises, aus einem Vertrag oder einer schriftlichen Best\u00e4tigung von Restaurant Chez Cuisto und Pro Cuisto (z. B. per E-Mail oder schriftlich).&nbsp;<\/p>\n<p><b>2. Vertragsabschluss<\/b><\/p>\n<p>Alle Angebote von Restaurant Chez Cuisto und Pro Cuisto sind unverbindlich und freibleibend, sofern im jeweiligen Angebot nichts anderes ausdr\u00fccklich festgelegt ist.<\/p>\n<p>Der Kunde bestellt die durch eine Auftragsbest\u00e4tigung (per E-Mail oder schriftlich) aufgef\u00fchrte Leistungen zu den ihm bekannten Allgemeinen Gesch\u00e4ftsbedingungen von Restaurant Chez Cuisto und Pro Cuisto.<\/p>\n<p>Der Kunde verpflichtet sich, die der Abrechnung zugrunde liegende G\u00e4stezahl bis sp\u00e4testens 7 Tage vor Veranstaltungsbeginn im Restaurant Chez Cuisto und Pro Cuisto mitzuteilen.<\/p>\n<p>Nach der Auftragsbest\u00e4tigung durch Restaurant Chez Cuisto und Pro Cuisto sind vom Kunden gew\u00fcnschte \u00c4nderungen oder Erg\u00e4nzungen des Auftrags nur nach gesonderter schriftlicher Vereinbarung (z. B. per E-Mail oder schriftlich) zwischen den Parteien m\u00f6glich.<\/p>\n<p>Gew\u00fcnschte \u00c4nderungen vom Kunden nach Ablauf der 7-TagesFrist, f\u00fchren zu einer \u00c4nderung des Auftrags, sofern die vom Kunden gew\u00fcnschte Bestellung von Restaurant Chez Cuisto und Pro Cuisto noch umsetzbar ist.<\/p>\n<p>Restaurant Chez Cuisto und Pro Cuisto ist berechtigt, den Auftrag des Kunden durch Dritte erf\u00fcllen zu lassen. Eine Zustimmung des Kunden ist hierf\u00fcr nicht erforderlich.<\/p>\n<p>Angestellte von Restaurant Chez Cuisto und Pro Cuisto sind nicht berechtigt m\u00fcndliche Nebenabreden zu treffen oder schriftliche Zusicherungen zu geben, die \u00fcber den eigentlichen Vertrag hinausgehen, es sei denn, dass eine solche Person gegen\u00fcber dem Kunden ausdr\u00fccklich als berechtigt benannt wird.&nbsp;<\/p>\n<p><b>3. Preise und Zahlungsbedingungen<\/b><\/p>\n<p>Der Restaurantbetrieb ist verpflichtet, die vom Kunden bestellten und vom Restaurantbetrieb zugesagten Leistungen zu erbringen.<\/p>\n<p>Der Kunde ist verpflichtet, die f\u00fcr diese und weitere in Anspruch genommenen Leistungen vereinbarten bzw. geltenden Preise des Restaurantbetriebs zu zahlen. Dies gilt auch f\u00fcr vom Kunden veranlasste Leistungen und Auslagen des Restaurantbetriebs an Dritte, insbesondere auch f\u00fcr Forderungen von Urheberrechtsverwertungsgesellschaften. Die vereinbarten Preise schlie\u00dfen die jeweilige gesetzliche Umsatzsteuer ein.<\/p>\n<p>Die Auftragsbest\u00e4tigung von Restaurant Chez Cuisto und Pro Cuisto enth\u00e4lt einen vorkalkulierten Gesamtpreis. Der Preis gilt f\u00fcr den in der jeweiligen Auftragsbest\u00e4tigung aufgef\u00fchrten Leistungsumfang.<\/p>\n<p>Alle genannten Preise sind Nettopreise, solange sie nicht ausdr\u00fccklich als Bruttopreise gekennzeichnet sind.<\/p>\n<p>Steigen nach Vertragsschluss die Einkaufspreise f\u00fcr die bei der Veranstaltung ben\u00f6tigten Lebensmittel oder Getr\u00e4nke, die Preise f\u00fcr anzumietendes Equipment, die L\u00f6hne f\u00fcr ben\u00f6tigtes Personal oder externe Dienstleister im Vergleich zu den der Auftragsbest\u00e4tigung zugrunde gelegten Preisen und betr\u00e4gt der Zeitraum zwischen Vertragsschluss und Veranstaltungsbeginn mehr als vier Monate, so ist Restaurant Chez Cuisto und Pro Cuisto berechtigt, dem Kunden die sich aus den Preissteigerungen ergebenden Mehrkosten zuz\u00fcglich der jeweils geltenden gesetzlichen Umsatzsteuer zus\u00e4tzlich in Rechnung zu stellen.<\/p>\n<p>Die sich aus \u00a7 3 Absatz 2 ergebenden Mehrkosten d\u00fcrfen jedoch 10% der jeweiligen genannten Einzelkosten, zuz\u00fcglich der gesetzlich geltenden Umsatzsteuer zum Zeitpunkt des Vertragsschlusses, nicht \u00fcbersteigen.<\/p>\n<p>Ein den Ma\u00dfst\u00e4ben des \u00a7 3 Absatz 5 entsprechendes Preisanpassungsrecht steht Restaurant Chez Cuisto und Pro Cuisto auch dann zu, wenn zwar zwischen Vertragsschluss und Veranstaltungsbeginn weniger als vier Monate liegen, aber die vertragsgem\u00e4\u00dfe Leistung aus Gr\u00fcnden, die ausschlie\u00dflich der Kunde zu vertreten hat, tats\u00e4chlich erst nach Ablauf der Viermonatsfrist erfolgen kann.<\/p>\n<p>Restaurant Chez Cuisto und Pro Cuisto bietet dem Kunden zusammen mit der Preisanpassung an vom Vertrag zur\u00fcckzutreten. Erkl\u00e4rt der Kunde nicht binnen 7 Werktagen (Montag-Freitag) nach Zugang der Preiserh\u00f6hung den R\u00fccktritt, wir der neue Preis wirksam.<\/p>\n<p><b>4. Ausf\u00fchrung der Leistungen<\/b><\/p>\n<p>Restaurant Chez Cuisto und Pro Cuisto kann die von ihm angebotene Ware, soweit diese saisonal bedingten Verf\u00fcgbarkeits- und Qualit\u00e4tsschwankungen unterliegt (z. B. Obst und Gem\u00fcse), durch gleichwertige Ware ohne Preis\u00e4nderung ersetzen. Einer Ank\u00fcndigung gegen\u00fcber dem Kunden bedarf die Ersetzung nur, wenn es sich um eine nicht unerhebliche \u00c4nderung im Vergleich zur urspr\u00fcnglichen Bestellung handelt, was insbesondere dann der Fall ist, wenn eine Ersetzung durch eine gleichwertige Ware nicht m\u00f6glich ist.<\/p>\n<p>Sollte ein Teil, der von Restaurant Chez Cuisto und Pro Cuisto angebotenen Speisen nicht verbraucht werden, hat der Kunde einen Anspruch auf Mitnahme der \u00fcbrig gebliebenen Speisen.<\/p>\n<p>Die Entsorgung des bei der Veranstaltung des Kunden entstandenen M\u00fclls obliegt dem Kunden.&nbsp;<\/p>\n<p><b>5. Gew\u00e4hrleistung und Haftung<\/b><\/p>\n<p>Der Gastst\u00e4ttenbetrieb haftet f\u00fcr seine Verpflichtungen aus dem Vertrag. Anspr\u00fcche des Kunden auf Schadensersatz sind ausgeschlossen. Hiervon ausgenommen sind Sch\u00e4den aus der Verletzung des Lebens, des K\u00f6rpers oder der Gesundheit, wenn der Restaurantbetrieb die Pflichtverletzung zu vertreten hat, sonstige Sch\u00e4den, die auf einer vors\u00e4tzlichen oder grob fahrl\u00e4ssigen Pflichtverletzung des Restaurantbetriebs beruhen und Sch\u00e4den, die auf einer vors\u00e4tzlichen oder fahrl\u00e4ssigen Verletzung von vertragstypischen Pflichten des Restaurantbetriebs beruhen. Einer Pflichtverletzung des Restaurantbetriebs steht die eines gesetzlichen Vertreters oder Erf\u00fcllungsgehilfen gleich. Sollten St\u00f6rungen oder M\u00e4ngel an den Leistungen des Restaurantbetriebs auftreten, wird der Restaurantbetriebs bei Kenntnis oder auf unverz\u00fcgliche R\u00fcge des Kunden bem\u00fcht sein, f\u00fcr Abhilfe zu sorgen. Der Kunde ist verpflichtet, das ihm Zumutbare beizutragen, um die St\u00f6rung zu beheben und einen m\u00f6glichen Schaden gering zu halten. Im \u00dcbrigen ist der Kunde verpflichtet, den Restaurantbetrieb rechtzeitig auf die M\u00f6glichkeit der Entstehung eines au\u00dfergew\u00f6hnlich hohen Schadens hinzuweisen.<\/p>\n<p>Restaurant Chez Cuisto und Pro Cuisto \u00fcbernimmt keine Haftung f\u00fcr den Verlust der von Kunden oder deren G\u00e4sten oder Erf\u00fcllungsgehilfen eingebrachten Gegenst\u00e4nde, Einrichtungen, Aufbauten oder sonstigen Wertgegenst\u00e4nden.<\/p>\n<p>Kommt es infolge einer Fehleinsch\u00e4tzung von Risiken zu Einschr\u00e4nkungen, Absage oder zum Abbruch der Veranstaltung auf Anweisung von Beh\u00f6rden oder Restaurant Chez Cuisto und Pro Cuisto, haftet Restaurant Chez Cuisto und Pro Cuisto nicht f\u00fcr F\u00e4lle einfacher Fahrl\u00e4ssigkeit.<\/p>\n<p>Eine verschuldensabh\u00e4ngige Schadenersatzhaftung von Restaurant Chez Cuisto und Pro Cuisto f\u00fcr anf\u00e4ngliche M\u00e4ngel der \u00fcberlassenen R\u00e4ume und Fl\u00e4chen gem\u00e4\u00df \u00a7 536a BGB ist ausgeschlossen.<\/p>\n<p>Sollten die Leistungen von Restaurant Chez Cuisto und Pro Cuisto wider Erwarten mangelhaft oder unvollst\u00e4ndig sein, muss der Kunde dies unverz\u00fcglich r\u00fcgen. Restaurant Chez Cuisto und Pro Cuisto ist dann verpflichtet, mangelfrei und vollst\u00e4ndig nachzuliefern, sofern dies noch w\u00e4hrend der jeweiligen Veranstaltung ohne wesentliche Verz\u00f6gerung geschehen kann. Das Recht auf Wandlung oder Minderung ist bei rechtzeitiger Nachlieferung ausgeschlossen.<\/p>\n<p>Anspr\u00fcche auf Gew\u00e4hrleistung sind dem Kunden unverz\u00fcglich nach Beendigung der Veranstaltung schriftlich mitzuteilen. Sp\u00e4tere Reklamationen sind ausgeschlossen.<\/p>\n<p>Bei leicht fahrl\u00e4ssigen Pflichtverletzungen beschr\u00e4nkt sich die Haftung von Restaurant Chez Cuisto und Pro Cuisto auf den nach der Art des Vertrages vorhersehbaren, vertragstypischen Durchschnittsschaden. Dies gilt auch bei leicht fahrl\u00e4ssigen Pflichtverletzungen der gesetzlichen Vertreter oder der Erf\u00fcllungsgehilfen von Restaurant Chez Cuisto und Pro Cuisto.<\/p>\n<p>Sofern die Haftung nach den Bestimmungen dieser AGB ausgeschlossen oder begrenzt ist, gilt dies auch f\u00fcr die Erf\u00fcllungsgehilfen von Restaurant Chez Cuisto und Pro Cuisto. .<\/p>\n<p>Restaurant Chez Cuisto und Pro Cuisto haftet nicht f\u00fcr durch unrichtige oder unvollst\u00e4ndige Angaben des Kunden verursachte Leistungsst\u00f6rungen.&nbsp;<\/p>\n<p><b>6. Stornierung<\/b><\/p>\n<p>Der Kunde kann den Auftrag (Stornierung) jederzeit schriftlich gegen\u00fcber Restaurant Chez Cuisto und Pro Cuisto stornieren.<\/p>\n<p>Im Falle einer Stornierung nach Best\u00e4tigung des Auftrags tritt folgende Regelung in Kraft, wobei der Zugang der Stornierung bei Restaurant Chez Cuisto oder Pro Cuisto f\u00fcr die Berechnung der Frist ausschlaggebend ist. Bei Stornierung entrichtet der Kunde folgende Summe:<\/p>\n<p>bis 21 Tage vor Veranstaltungsbeginn 10 % der kalkulierten Nettogesamtsumme<\/p>\n<p>bis 10 Tage vor Veranstaltungsbeginn 20 % der kalkulierten Nettogesamtsumme<\/p>\n<p>bis 4 Tage vor Veranstaltungsbeginn 30 % der kalkulierten Nettogesamtsumme<\/p>\n<p>2 Tage vor Veranstaltungsbeginn 70 % der kalkulierten Nettogesamtsumme<\/p>\n<p>1 Tag vor Veranstaltungsbeginn 80 % der kalkuierten Nettogesamtsumme<\/p>\n<p>am Tag der Veranstaltung 100 % der kalkulierten Nettogesamtsumme Grundlage der Berechnung des pauschalierten Schadenersatzes ist die in der Auftragsbest\u00e4tigung aus Basis der Personenanzahl berechnete Nettogesamtsumme.&nbsp;<\/p>\n<p><b>7. Datenschutz<\/b><\/p>\n<p>Restaurant Chez Cuisto und Pro Cuisto erhebt, verarbeitet und nutzt personenbezogene Daten des Kunden im Rahmen des Vertragsverh\u00e4ltnisses. Die Einzelheiten ergeben sich aus der Datenschutzerkl\u00e4rung von Restaurant Chez Cuisto und Pro Cuisto.&nbsp;<\/p>\n<p><b>8. Schlussbestimmungen<\/b><\/p>\n<p>Diese AGB und die Vertr\u00e4ge zwischen Restaurant Chez Cuisto und Pro Cuisto und seinen Kunden unterliegen dem Recht der Bundesrepublik Deutschland unter Ausschluss des UN-Kaufrechts (CISG).<\/p>\n<p>Gerichtsstand f\u00fcr s\u00e4mtliche Streitigkeiten aus dem Vertragsverh\u00e4ltnis zwischen Restaurant Chez Cuisto und Pro Cuisto und seinen Kunden ist, soweit gesetzlich zul\u00e4ssig, der Sitz von Restaurant Chez Cuisto und Pro Cuisto.<\/p>\n<p>Sollte eine Bestimmung dieser AGB unwirksam oder undurchf\u00fchrbar sein oder werden, so bleibt die Wirksamkeit der AGB im \u00dcbrigen hiervon unber\u00fchrt. Anstelle der unwirksamen oder undurchf\u00fchrbaren Bestimmung tritt diejenige wirksame und durchf\u00fchrbare Regelung, deren Wirkungen der wirtschaftlichen Zielsetzung am n\u00e4chsten kommen, die die Vertragsparteien mit der unwirksamen bzw. undurchf\u00fchrbaren Bestimmung verfolgt haben. Die vorstehenden Bestimmungen gelten entsprechend f\u00fcr den Fall, dass sich die AGB als l\u00fcckenhaft erweisen.<\/p>\t\t\t\t\t\t\t\t<\/div>\n\t\t\t\t<\/div>\n\t\t\t\t\t<\/div>\n\t\t<\/div>\n\t\t\t\t\t<\/div>\n\t\t<\/section>\n\t\t\t\t<\/div>","protected":false},"excerpt":{"rendered":"<p>Allgemeine Gesch\u00e4ftsbedingungen (AGB) 1. Geltungsbereichltungsbereich Nachstehende Allgemeinen Gesch\u00e4ftsbedingungen (\u201cAGB\u201d) gelten f\u00fcr alle \u2013 auch k\u00fcnftigen \u2013 Vertr\u00e4ge (=best\u00e4tigte Reservierung und Buchung) , Lieferungen, sonstige Catering-Serviceleistungen, \u00fcber die Bewirtung von G\u00e4sten und die mietweise \u00dcberlassung von Veranstaltungsr\u00e4umen des Restaurantbetriebs zur Durchf\u00fchrung von Veranstaltungen wie Seminaren, Hochzeiten, Ausstellungen und Pr\u00e4sentationen etc. sowie f\u00fcr alle in diesem Zusammenhang [&hellip;]<\/p>","protected":false},"author":4,"featured_media":0,"parent":0,"menu_order":0,"comment_status":"closed","ping_status":"closed","template":"elementor_header_footer","meta":{"_acf_changed":false,"_monsterinsights_skip_tracking":false,"_monsterinsights_sitenote_active":false,"_monsterinsights_sitenote_note":"","_monsterinsights_sitenote_category":0,"ocean_post_layout":"full-screen","ocean_both_sidebars_style":"","ocean_both_sidebars_content_width":0,"ocean_both_sidebars_sidebars_width":0,"ocean_sidebar":"0","ocean_second_sidebar":"0","ocean_disable_margins":"enable","ocean_add_body_class":"","ocean_shortcode_before_top_bar":"","ocean_shortcode_after_top_bar":"","ocean_shortcode_before_header":"","ocean_shortcode_after_header":"","ocean_has_shortcode":"","ocean_shortcode_after_title":"","ocean_shortcode_before_footer_widgets":"","ocean_shortcode_after_footer_widgets":"","ocean_shortcode_before_footer_bottom":"","ocean_shortcode_after_footer_bottom":"","ocean_display_top_bar":"off","ocean_display_header":"off","ocean_header_style":"","ocean_center_header_left_menu":"0","ocean_custom_header_template":"0","ocean_custom_logo":0,"ocean_custom_retina_logo":0,"ocean_custom_logo_max_width":0,"ocean_custom_logo_tablet_max_width":0,"ocean_custom_logo_mobile_max_width":0,"ocean_custom_logo_max_height":0,"ocean_custom_logo_tablet_max_height":0,"ocean_custom_logo_mobile_max_height":0,"ocean_header_custom_menu":"0","ocean_menu_typo_font_family":"0","ocean_menu_typo_font_subset":"","ocean_menu_typo_font_size":0,"ocean_menu_typo_font_size_tablet":0,"ocean_menu_typo_font_size_mobile":0,"ocean_menu_typo_font_size_unit":"px","ocean_menu_typo_font_weight":"","ocean_menu_typo_font_weight_tablet":"","ocean_menu_typo_font_weight_mobile":"","ocean_menu_typo_transform":"","ocean_menu_typo_transform_tablet":"","ocean_menu_typo_transform_mobile":"","ocean_menu_typo_line_height":0,"ocean_menu_typo_line_height_tablet":0,"ocean_menu_typo_line_height_mobile":0,"ocean_menu_typo_line_height_unit":"","ocean_menu_typo_spacing":0,"ocean_menu_typo_spacing_tablet":0,"ocean_menu_typo_spacing_mobile":0,"ocean_menu_typo_spacing_unit":"","ocean_menu_link_color":"","ocean_menu_link_color_hover":"","ocean_menu_link_color_active":"","ocean_menu_link_background":"","ocean_menu_link_hover_background":"","ocean_menu_link_active_background":"","ocean_menu_social_links_bg":"","ocean_menu_social_hover_links_bg":"","ocean_menu_social_links_color":"","ocean_menu_social_hover_links_color":"","ocean_disable_title":"on","ocean_disable_heading":"default","ocean_post_title":"","ocean_post_subheading":"","ocean_post_title_style":"","ocean_post_title_background_color":"","ocean_post_title_background":0,"ocean_post_title_bg_image_position":"","ocean_post_title_bg_image_attachment":"","ocean_post_title_bg_image_repeat":"","ocean_post_title_bg_image_size":"","ocean_post_title_height":0,"ocean_post_title_bg_overlay":0.5,"ocean_post_title_bg_overlay_color":"","ocean_disable_breadcrumbs":"default","ocean_breadcrumbs_color":"","ocean_breadcrumbs_separator_color":"","ocean_breadcrumbs_links_color":"","ocean_breadcrumbs_links_hover_color":"","ocean_display_footer_widgets":"off","ocean_display_footer_bottom":"off","ocean_custom_footer_template":"0","footnotes":""},"class_list":["post-6763","page","type-page","status-publish","hentry","entry","owp-thumbs-layout-horizontal","owp-btn-normal","owp-tabs-layout-horizontal","has-no-thumbnails","has-product-nav"],"acf":[],"aioseo_notices":[],"_links":{"self":[{"href":"https:\/\/restaurant-chezcuisto.de\/de\/wp-json\/wp\/v2\/pages\/6763","targetHints":{"allow":["GET"]}}],"collection":[{"href":"https:\/\/restaurant-chezcuisto.de\/de\/wp-json\/wp\/v2\/pages"}],"about":[{"href":"https:\/\/restaurant-chezcuisto.de\/de\/wp-json\/wp\/v2\/types\/page"}],"author":[{"embeddable":true,"href":"https:\/\/restaurant-chezcuisto.de\/de\/wp-json\/wp\/v2\/users\/4"}],"replies":[{"embeddable":true,"href":"https:\/\/restaurant-chezcuisto.de\/de\/wp-json\/wp\/v2\/comments?post=6763"}],"version-history":[{"count":52,"href":"https:\/\/restaurant-chezcuisto.de\/de\/wp-json\/wp\/v2\/pages\/6763\/revisions"}],"predecessor-version":[{"id":9458,"href":"https:\/\/restaurant-chezcuisto.de\/de\/wp-json\/wp\/v2\/pages\/6763\/revisions\/9458"}],"wp:attachment":[{"href":"https:\/\/restaurant-chezcuisto.de\/de\/wp-json\/wp\/v2\/media?parent=6763"}],"curies":[{"name":"wp","href":"https:\/\/api.w.org\/{rel}","templated":true}]}}